{"id":5,"date":"2019-11-26T10:05:04","date_gmt":"2019-11-26T10:05:04","guid":{"rendered":"https:\/\/www.brave-browser-helper.com\/en\/?page_id=5"},"modified":"2019-11-26T10:05:04","modified_gmt":"2019-11-26T10:05:04","slug":"bienvenido-a-brave-browser-ayuda","status":"publish","type":"page","link":"https:\/\/www.brave-browser-helper.com\/en\/","title":{"rendered":"Bienvenido a Brave Browser Ayuda"},"content":{"rendered":"<p>La protecci\u00f3n de datos es cada vez m\u00e1s importante, desafortunadamente la mayor\u00eda de los navegadores no se lo toman tan en serio. Aqu\u00ed el Brave Browser ofrece una seguridad \u00f3ptima mediante un bloqueador de publicidad integrado, la prevenci\u00f3n de huellas dactilares, el bloqueo de cookies de terceros y mucho m\u00e1s &#8211; y eso ya en la configuraci\u00f3n est\u00e1ndar!<\/p>\n","protected":false},"excerpt":{"rendered":"<p>La protecci\u00f3n de datos es cada vez m\u00e1s importante, desafortunadamente la mayor\u00eda de los navegadores&#8230;<\/p>\n","protected":false},"author":1,"featured_media":0,"parent":0,"menu_order":0,"comment_status":"closed","ping_status":"closed","template":"","meta":{"footnotes":""},"class_list":["post-5","page","type-page","status-publish","hentry"],"yoast_head":"<!-- This site is optimized with the Yoast SEO plugin v27.5 - https:\/\/yoast.com\/product\/yoast-seo-wordpress\/ -->\n<title>Bienvenido a Brave Browser Ayuda - Ayuda de Brave Browser<\/title>\n<meta name=\"robots\" content=\"index, follow, max-snippet:-1, max-image-preview:large, max-video-preview:-1\" \/>\n<link rel=\"canonical\" href=\"https:\/\/www.brave-browser-helper.com\/en\/\" \/>\n<meta property=\"og:locale\" content=\"es_ES\" \/>\n<meta property=\"og:type\" content=\"article\" \/>\n<meta property=\"og:title\" content=\"Bienvenido a Brave Browser Ayuda - Ayuda de Brave Browser\" \/>\n<meta property=\"og:description\" content=\"La protecci\u00f3n de datos es cada vez m\u00e1s importante, desafortunadamente la mayor\u00eda de los navegadores...\" \/>\n<meta property=\"og:url\" content=\"https:\/\/www.brave-browser-helper.com\/en\/\" \/>\n<meta property=\"og:site_name\" content=\"Ayuda de Brave Browser\" \/>\n<meta name=\"twitter:card\" content=\"summary_large_image\" \/>\n<script type=\"application\/ld+json\" class=\"yoast-schema-graph\">{\"@context\":\"https:\\\/\\\/schema.org\",\"@graph\":[{\"@type\":\"WebPage\",\"@id\":\"https:\\\/\\\/www.brave-browser-helper.com\\\/en\\\/\",\"url\":\"https:\\\/\\\/www.brave-browser-helper.com\\\/en\\\/\",\"name\":\"Bienvenido a Brave Browser Ayuda - Ayuda de Brave Browser\",\"isPartOf\":{\"@id\":\"https:\\\/\\\/www.brave-browser-helper.com\\\/en\\\/#website\"},\"datePublished\":\"2019-11-26T10:05:04+00:00\",\"breadcrumb\":{\"@id\":\"https:\\\/\\\/www.brave-browser-helper.com\\\/en\\\/#breadcrumb\"},\"inLanguage\":\"es\",\"potentialAction\":[{\"@type\":\"ReadAction\",\"target\":[\"https:\\\/\\\/www.brave-browser-helper.com\\\/en\\\/\"]}]},{\"@type\":\"BreadcrumbList\",\"@id\":\"https:\\\/\\\/www.brave-browser-helper.com\\\/en\\\/#breadcrumb\",\"itemListElement\":[{\"@type\":\"ListItem\",\"position\":1,\"name\":\"Home\",\"item\":\"https:\\\/\\\/www.brave-browser-helper.com\\\/en\\\/\"},{\"@type\":\"ListItem\",\"position\":2,\"name\":\"Bienvenido a Brave Browser Ayuda\"}]},{\"@type\":\"WebSite\",\"@id\":\"https:\\\/\\\/www.brave-browser-helper.com\\\/en\\\/#website\",\"url\":\"https:\\\/\\\/www.brave-browser-helper.com\\\/en\\\/\",\"name\":\"Ayuda de Brave Browser\",\"description\":\"El navegador con protecci\u00f3n de datos de serie\",\"potentialAction\":[{\"@type\":\"SearchAction\",\"target\":{\"@type\":\"EntryPoint\",\"urlTemplate\":\"https:\\\/\\\/www.brave-browser-helper.com\\\/en\\\/?s={search_term_string}\"},\"query-input\":{\"@type\":\"PropertyValueSpecification\",\"valueRequired\":true,\"valueName\":\"search_term_string\"}}],\"inLanguage\":\"es\"}]}<\/script>\n<!-- \/ Yoast SEO plugin. -->","yoast_head_json":{"title":"Bienvenido a Brave Browser Ayuda - Ayuda de Brave Browser","robots":{"index":"index","follow":"follow","max-snippet":"max-snippet:-1","max-image-preview":"max-image-preview:large","max-video-preview":"max-video-preview:-1"},"canonical":"https:\/\/www.brave-browser-helper.com\/en\/","og_locale":"es_ES","og_type":"article","og_title":"Bienvenido a Brave Browser Ayuda - Ayuda de Brave Browser","og_description":"La protecci\u00f3n de datos es cada vez m\u00e1s importante, desafortunadamente la mayor\u00eda de los navegadores...","og_url":"https:\/\/www.brave-browser-helper.com\/en\/","og_site_name":"Ayuda de Brave Browser","twitter_card":"summary_large_image","schema":{"@context":"https:\/\/schema.org","@graph":[{"@type":"WebPage","@id":"https:\/\/www.brave-browser-helper.com\/en\/","url":"https:\/\/www.brave-browser-helper.com\/en\/","name":"Bienvenido a Brave Browser Ayuda - Ayuda de Brave Browser","isPartOf":{"@id":"https:\/\/www.brave-browser-helper.com\/en\/#website"},"datePublished":"2019-11-26T10:05:04+00:00","breadcrumb":{"@id":"https:\/\/www.brave-browser-helper.com\/en\/#breadcrumb"},"inLanguage":"es","potentialAction":[{"@type":"ReadAction","target":["https:\/\/www.brave-browser-helper.com\/en\/"]}]},{"@type":"BreadcrumbList","@id":"https:\/\/www.brave-browser-helper.com\/en\/#breadcrumb","itemListElement":[{"@type":"ListItem","position":1,"name":"Home","item":"https:\/\/www.brave-browser-helper.com\/en\/"},{"@type":"ListItem","position":2,"name":"Bienvenido a Brave Browser Ayuda"}]},{"@type":"WebSite","@id":"https:\/\/www.brave-browser-helper.com\/en\/#website","url":"https:\/\/www.brave-browser-helper.com\/en\/","name":"Ayuda de Brave Browser","description":"El navegador con protecci\u00f3n de datos de serie","potentialAction":[{"@type":"SearchAction","target":{"@type":"EntryPoint","urlTemplate":"https:\/\/www.brave-browser-helper.com\/en\/?s={search_term_string}"},"query-input":{"@type":"PropertyValueSpecification","valueRequired":true,"valueName":"search_term_string"}}],"inLanguage":"es"}]}},"_links":{"self":[{"href":"https:\/\/www.brave-browser-helper.com\/en\/wp-json\/wp\/v2\/pages\/5","targetHints":{"allow":["GET"]}}],"collection":[{"href":"https:\/\/www.brave-browser-helper.com\/en\/wp-json\/wp\/v2\/pages"}],"about":[{"href":"https:\/\/www.brave-browser-helper.com\/en\/wp-json\/wp\/v2\/types\/page"}],"author":[{"embeddable":true,"href":"https:\/\/www.brave-browser-helper.com\/en\/wp-json\/wp\/v2\/users\/1"}],"replies":[{"embeddable":true,"href":"https:\/\/www.brave-browser-helper.com\/en\/wp-json\/wp\/v2\/comments?post=5"}],"version-history":[{"count":1,"href":"https:\/\/www.brave-browser-helper.com\/en\/wp-json\/wp\/v2\/pages\/5\/revisions"}],"predecessor-version":[{"id":6,"href":"https:\/\/www.brave-browser-helper.com\/en\/wp-json\/wp\/v2\/pages\/5\/revisions\/6"}],"wp:attachment":[{"href":"https:\/\/www.brave-browser-helper.com\/en\/wp-json\/wp\/v2\/media?parent=5"}],"curies":[{"name":"wp","href":"https:\/\/api.w.org\/{rel}","templated":true}]}}