{"id":10,"date":"2019-11-26T09:11:56","date_gmt":"2019-11-26T09:11:56","guid":{"rendered":"https:\/\/www.brave-browser-helper.com\/fr\/?page_id=10"},"modified":"2019-11-26T09:11:56","modified_gmt":"2019-11-26T09:11:56","slug":"bienvenue-sur-la-page-daide-de-brave-browser","status":"publish","type":"page","link":"https:\/\/www.brave-browser-helper.com\/fr\/","title":{"rendered":"Bienvenue sur la page d&rsquo;aide de Brave Browser"},"content":{"rendered":"<p>La protection des donn\u00e9es devient de plus en plus importante, malheureusement la plupart des navigateurs ne la prennent pas aussi au s\u00e9rieux. Ici, le Brave Browser offre une s\u00e9curit\u00e9 optimale gr\u00e2ce \u00e0 un bloqueur de publicit\u00e9 int\u00e9gr\u00e9, la pr\u00e9vention des empreintes digitales, le blocage des cookies provenant de tiers et plus encore &#8211; et cela d\u00e9j\u00e0 dans le r\u00e9glage standard !<\/p>\n","protected":false},"excerpt":{"rendered":"<p>La protection des donn\u00e9es devient de plus en plus importante, malheureusement la plupart des navigateurs&#8230;<\/p>\n","protected":false},"author":1,"featured_media":0,"parent":0,"menu_order":0,"comment_status":"closed","ping_status":"closed","template":"","meta":{"footnotes":""},"class_list":["post-10","page","type-page","status-publish","hentry"],"yoast_head":"<!-- This site is optimized with the Yoast SEO plugin v27.4 - https:\/\/yoast.com\/product\/yoast-seo-wordpress\/ -->\n<title>Bienvenue sur la page d&#039;aide de Brave Browser - Brave Browser Aide<\/title>\n<meta name=\"robots\" content=\"index, follow, max-snippet:-1, max-image-preview:large, max-video-preview:-1\" \/>\n<link rel=\"canonical\" href=\"https:\/\/www.brave-browser-helper.com\/fr\/\" \/>\n<meta property=\"og:locale\" content=\"fr_FR\" \/>\n<meta property=\"og:type\" content=\"article\" \/>\n<meta property=\"og:title\" content=\"Bienvenue sur la page d&#039;aide de Brave Browser - Brave Browser Aide\" \/>\n<meta property=\"og:description\" content=\"La protection des donn\u00e9es devient de plus en plus importante, malheureusement la plupart des navigateurs...\" \/>\n<meta property=\"og:url\" content=\"https:\/\/www.brave-browser-helper.com\/fr\/\" \/>\n<meta property=\"og:site_name\" content=\"Brave Browser Aide\" \/>\n<meta name=\"twitter:card\" content=\"summary_large_image\" \/>\n<script type=\"application\/ld+json\" class=\"yoast-schema-graph\">{\"@context\":\"https:\\\/\\\/schema.org\",\"@graph\":[{\"@type\":\"WebPage\",\"@id\":\"https:\\\/\\\/www.brave-browser-helper.com\\\/fr\\\/\",\"url\":\"https:\\\/\\\/www.brave-browser-helper.com\\\/fr\\\/\",\"name\":\"Bienvenue sur la page d'aide de Brave Browser - Brave Browser Aide\",\"isPartOf\":{\"@id\":\"https:\\\/\\\/www.brave-browser-helper.com\\\/fr\\\/#website\"},\"datePublished\":\"2019-11-26T09:11:56+00:00\",\"breadcrumb\":{\"@id\":\"https:\\\/\\\/www.brave-browser-helper.com\\\/fr\\\/#breadcrumb\"},\"inLanguage\":\"fr-FR\",\"potentialAction\":[{\"@type\":\"ReadAction\",\"target\":[\"https:\\\/\\\/www.brave-browser-helper.com\\\/fr\\\/\"]}]},{\"@type\":\"BreadcrumbList\",\"@id\":\"https:\\\/\\\/www.brave-browser-helper.com\\\/fr\\\/#breadcrumb\",\"itemListElement\":[{\"@type\":\"ListItem\",\"position\":1,\"name\":\"Home\",\"item\":\"https:\\\/\\\/www.brave-browser-helper.com\\\/fr\\\/\"},{\"@type\":\"ListItem\",\"position\":2,\"name\":\"Bienvenue sur la page d&rsquo;aide de Brave Browser\"}]},{\"@type\":\"WebSite\",\"@id\":\"https:\\\/\\\/www.brave-browser-helper.com\\\/fr\\\/#website\",\"url\":\"https:\\\/\\\/www.brave-browser-helper.com\\\/fr\\\/\",\"name\":\"Brave Browser Aide\",\"description\":\"Le navigateur avec protection des donn\u00e9es en standard\",\"potentialAction\":[{\"@type\":\"SearchAction\",\"target\":{\"@type\":\"EntryPoint\",\"urlTemplate\":\"https:\\\/\\\/www.brave-browser-helper.com\\\/fr\\\/?s={search_term_string}\"},\"query-input\":{\"@type\":\"PropertyValueSpecification\",\"valueRequired\":true,\"valueName\":\"search_term_string\"}}],\"inLanguage\":\"fr-FR\"}]}<\/script>\n<!-- \/ Yoast SEO plugin. -->","yoast_head_json":{"title":"Bienvenue sur la page d'aide de Brave Browser - Brave Browser Aide","robots":{"index":"index","follow":"follow","max-snippet":"max-snippet:-1","max-image-preview":"max-image-preview:large","max-video-preview":"max-video-preview:-1"},"canonical":"https:\/\/www.brave-browser-helper.com\/fr\/","og_locale":"fr_FR","og_type":"article","og_title":"Bienvenue sur la page d'aide de Brave Browser - Brave Browser Aide","og_description":"La protection des donn\u00e9es devient de plus en plus importante, malheureusement la plupart des navigateurs...","og_url":"https:\/\/www.brave-browser-helper.com\/fr\/","og_site_name":"Brave Browser Aide","twitter_card":"summary_large_image","schema":{"@context":"https:\/\/schema.org","@graph":[{"@type":"WebPage","@id":"https:\/\/www.brave-browser-helper.com\/fr\/","url":"https:\/\/www.brave-browser-helper.com\/fr\/","name":"Bienvenue sur la page d'aide de Brave Browser - Brave Browser Aide","isPartOf":{"@id":"https:\/\/www.brave-browser-helper.com\/fr\/#website"},"datePublished":"2019-11-26T09:11:56+00:00","breadcrumb":{"@id":"https:\/\/www.brave-browser-helper.com\/fr\/#breadcrumb"},"inLanguage":"fr-FR","potentialAction":[{"@type":"ReadAction","target":["https:\/\/www.brave-browser-helper.com\/fr\/"]}]},{"@type":"BreadcrumbList","@id":"https:\/\/www.brave-browser-helper.com\/fr\/#breadcrumb","itemListElement":[{"@type":"ListItem","position":1,"name":"Home","item":"https:\/\/www.brave-browser-helper.com\/fr\/"},{"@type":"ListItem","position":2,"name":"Bienvenue sur la page d&rsquo;aide de Brave Browser"}]},{"@type":"WebSite","@id":"https:\/\/www.brave-browser-helper.com\/fr\/#website","url":"https:\/\/www.brave-browser-helper.com\/fr\/","name":"Brave Browser Aide","description":"Le navigateur avec protection des donn\u00e9es en standard","potentialAction":[{"@type":"SearchAction","target":{"@type":"EntryPoint","urlTemplate":"https:\/\/www.brave-browser-helper.com\/fr\/?s={search_term_string}"},"query-input":{"@type":"PropertyValueSpecification","valueRequired":true,"valueName":"search_term_string"}}],"inLanguage":"fr-FR"}]}},"_links":{"self":[{"href":"https:\/\/www.brave-browser-helper.com\/fr\/wp-json\/wp\/v2\/pages\/10","targetHints":{"allow":["GET"]}}],"collection":[{"href":"https:\/\/www.brave-browser-helper.com\/fr\/wp-json\/wp\/v2\/pages"}],"about":[{"href":"https:\/\/www.brave-browser-helper.com\/fr\/wp-json\/wp\/v2\/types\/page"}],"author":[{"embeddable":true,"href":"https:\/\/www.brave-browser-helper.com\/fr\/wp-json\/wp\/v2\/users\/1"}],"replies":[{"embeddable":true,"href":"https:\/\/www.brave-browser-helper.com\/fr\/wp-json\/wp\/v2\/comments?post=10"}],"version-history":[{"count":1,"href":"https:\/\/www.brave-browser-helper.com\/fr\/wp-json\/wp\/v2\/pages\/10\/revisions"}],"predecessor-version":[{"id":11,"href":"https:\/\/www.brave-browser-helper.com\/fr\/wp-json\/wp\/v2\/pages\/10\/revisions\/11"}],"wp:attachment":[{"href":"https:\/\/www.brave-browser-helper.com\/fr\/wp-json\/wp\/v2\/media?parent=10"}],"curies":[{"name":"wp","href":"https:\/\/api.w.org\/{rel}","templated":true}]}}